{"id":541,"date":"2019-10-05T18:33:18","date_gmt":"2019-10-05T16:33:18","guid":{"rendered":"http:\/\/sg-overberge.de\/spielwiese\/?page_id=541"},"modified":"2026-03-10T22:00:06","modified_gmt":"2026-03-10T21:00:06","slug":"ansprechpartner","status":"publish","type":"page","link":"https:\/\/sg-overberge.de\/wordpress\/?page_id=541","title":{"rendered":"Ansprechpartner"},"content":{"rendered":"\n<p class=\"has-very-dark-gray-color has-text-color\"><strong>Ansprechpartner<\/strong><\/p>\n\n\n\n<p><\/p>\n\n\n\n<table>\n<tbody><tr>\n<td><b>Heitmann, Robert<\/b><\/td><td>Vorsitzender<\/td><td><a href=\"mailto:vorstand@sg-overberge.de\">vorstand@sg-overberge.de<\/a> Tel. 0152\/ 53873876<\/td><\/tr>\n<tr>\n<td><b>Wrenger, J\u00f6rg<\/b><\/td><td>stv. Vorsitzender<\/td><td><a href=\"mailto:vorstand@sg-overberge.de\">vorstand@sg-overberge.de<\/a>\n<\/td><\/tr>\n<tr>\n<!--<td><b>Wilmsen, Kerstin<\/b><\/td><td>Kasse<\/td><td><a href=\"mailto:kasse@sg-overberge.de\">kasse@sg-overberge.de<\/a>\n<\/td><\/tr>-->\n<tr>\n<td><b>B\u00f6inghoff, Heinz<\/b><\/td><td>sportliche Leitung<\/td><td><a href=\"mailto:sportleitung@sg-overberge.de\">sportleitung@sg-overberge.de<\/a><\/td><\/tr>\n\n<tr>\n<td><b>Eschricht, Ursula<\/b><\/td><td>Schriftf\u00fchrung<\/td><td><a href=\"mailto:verwaltung@sg-overberge.de\">verwaltung@sg-overberge.de<\/a><\/td><\/tr>\n\n<\/tbody><\/table>\n\n\n\n<p><\/p>\n","protected":false},"excerpt":{"rendered":"<p>Ansprechpartner Heitmann, Robert Vorsitzender vorstand@sg-overberge.de Tel. 0152\/ 53873876 Wrenger, J\u00f6rg stv. Vorsitzender vorstand@sg-overberge.de B\u00f6inghoff, Heinz sportliche Leitung sportleitung@sg-overberge.de Eschricht, Ursula Schriftf\u00fchrung verwaltung@sg-overberge.de<\/p>\n","protected":false},"author":2,"featured_media":0,"parent":0,"menu_order":0,"comment_status":"closed","ping_status":"closed","template":"","meta":{"footnotes":""},"class_list":["post-541","page","type-page","status-publish","hentry"],"_links":{"self":[{"href":"https:\/\/sg-overberge.de\/wordpress\/index.php?rest_route=\/wp\/v2\/pages\/541","targetHints":{"allow":["GET"]}}],"collection":[{"href":"https:\/\/sg-overberge.de\/wordpress\/index.php?rest_route=\/wp\/v2\/pages"}],"about":[{"href":"https:\/\/sg-overberge.de\/wordpress\/index.php?rest_route=\/wp\/v2\/types\/page"}],"author":[{"embeddable":true,"href":"https:\/\/sg-overberge.de\/wordpress\/index.php?rest_route=\/wp\/v2\/users\/2"}],"replies":[{"embeddable":true,"href":"https:\/\/sg-overberge.de\/wordpress\/index.php?rest_route=%2Fwp%2Fv2%2Fcomments&post=541"}],"version-history":[{"count":59,"href":"https:\/\/sg-overberge.de\/wordpress\/index.php?rest_route=\/wp\/v2\/pages\/541\/revisions"}],"predecessor-version":[{"id":1012,"href":"https:\/\/sg-overberge.de\/wordpress\/index.php?rest_route=\/wp\/v2\/pages\/541\/revisions\/1012"}],"wp:attachment":[{"href":"https:\/\/sg-overberge.de\/wordpress\/index.php?rest_route=%2Fwp%2Fv2%2Fmedia&parent=541"}],"curies":[{"name":"wp","href":"https:\/\/api.w.org\/{rel}","templated":true}]}}