{"id":251,"date":"2019-05-30T10:23:24","date_gmt":"2019-05-30T08:23:24","guid":{"rendered":"http:\/\/sg-overberge.de\/spielwiese\/?page_id=251"},"modified":"2024-08-24T04:36:35","modified_gmt":"2024-08-24T02:36:35","slug":"impressum","status":"publish","type":"page","link":"https:\/\/sg-overberge.de\/wordpress\/?page_id=251","title":{"rendered":"Impressum"},"content":{"rendered":"\n<p>Impressum<\/p>\n\n\n\n<p>Herausgeber und Domaininhaber:<br> Schie\u00dfgruppe Overberge 1960 e.V.<br> Vorsitzender Robert Heitmann <br> Wickerup 4<br> 59387 Ascheberg &#8211; Herbern<br> Handy: 015253873876 <br>  Mail: vorstand@sg-overberge.de <\/p>\n\n\n\n<p>Die Website \u201eSG-Overberge.de\u201c<br> wird redaktionell betreut von:<br> Robert Heitmann <br> Wickerup 4<br> 59387 Ascheberg &#8211; Herbern<br> Kontakt: vorstand@sg-overberge.de<\/p>\n\n\n\n<p>Vereinsregister.<br>\nAmtsgericht Hamm<br>\nRegister-Nr. VR 10131<br>\nHaftungsausschluss (Disclaimer)<\/p>\n\n\n\n<p>Haftung f\u00fcr Inhalte<\/p>\n\n\n\n<p>Als Diensteanbieter sind wir gem\u00e4\u00df \u00a7 7 Abs.1 TMG f\u00fcr eigene Inhalte auf diesen Seiten nach den allgemeinen Gesetzen verantwortlich. Nach \u00a7\u00a7 8 bis 10 TMG sind wir als Diensteanbieter jedoch nicht verpflichtet, \u00fcbermittelte oder gespeicherte fremde Informationen zu \u00fcberwachen oder nach Umst\u00e4nden zu forschen, die auf eine rechtswidrige T\u00e4tigkeit hinweisen. Verpflichtungen zur Entfernung oder Sperrung der Nutzung von Informationen nach den allgemeinen Gesetzen bleiben hiervon unber\u00fchrt. Eine diesbez\u00fcgliche Haftung ist jedoch erst ab dem Zeitpunkt der Kenntnis einer konkreten Rechtsverletzung m\u00f6glich. Bei Bekanntwerden von entsprechenden Rechtsverletzungen werden wir diese Inhalte umgehend entfernen.<\/p>\n\n\n\n<p>Haftung f\u00fcr Links<\/p>\n\n\n\n<p>Unser Angebot enth\u00e4lt Links zu externen Webseiten Dritter, auf deren Inhalte wir keinen Einfluss haben. Deshalb k\u00f6nnen wir f\u00fcr diese fremden Inhalte auch keine Gew\u00e4hr \u00fcbernehmen. F\u00fcr die Inhalte der verlinkten Seiten ist stets der jeweilige Anbieter oder Betreiber der Seiten verantwortlich. Die verlinkten Seiten wurden zum Zeitpunkt der Verlinkung auf m\u00f6gliche Rechtsverst\u00f6\u00dfe \u00fcberpr\u00fcft. Rechtswidrige Inhalte waren zum Zeitpunkt der Verlinkung nicht erkennbar. Eine permanente inhaltliche Kontrolle der verlinkten Seiten ist jedoch ohne konkrete Anhaltspunkte einer Rechtsverletzung nicht zumutbar. Bei Bekanntwerden von Rechtsverletzungen werden wir derartige Links umgehend entfernen.<\/p>\n\n\n\n<p>Urheberrecht<\/p>\n\n\n\n<p>Die durch die Seitenbetreiber erstellten Inhalte und Werke auf diesen Seiten unterliegen dem deutschen Urheberrecht. Die Vervielf\u00e4ltigung, Bearbeitung, Verbreitung und jede Art der Verwertung au\u00dferhalb der Grenzen des Urheberrechtes bed\u00fcrfen der schriftlichen Zustimmung des jeweiligen Autors bzw. Erstellers. Downloads und Kopien dieser Seite sind nur f\u00fcr den privaten, nicht kommerziellen Gebrauch gestattet. Soweit die Inhalte auf dieser Seite nicht vom Betreiber erstellt wurden, werden die Urheberrechte Dritter beachtet. Insbesondere werden Inhalte Dritter als solche gekennzeichnet. Sollten Sie trotzdem auf eine Urheberrechtsverletzung aufmerksam werden, bitten wir um einen entsprechenden Hinweis. Bei Bekanntwerden von Rechtsverletzungen werden wir derartige Inhalte umgehend entfernen.<\/p>\n","protected":false},"excerpt":{"rendered":"<p>Impressum Herausgeber und Domaininhaber: Schie\u00dfgruppe Overberge 1960 e.V. Vorsitzender Robert Heitmann Wickerup 4 59387 Ascheberg &#8211; Herbern Handy: 015253873876 Mail: vorstand@sg-overberge.de Die Website \u201eSG-Overberge.de\u201c wird redaktionell betreut von: Robert Heitmann Wickerup 4 59387 Ascheberg &#8211; Herbern Kontakt: vorstand@sg-overberge.de Vereinsregister. Amtsgericht Hamm Register-Nr. VR 10131 Haftungsausschluss (Disclaimer) Haftung f\u00fcr Inhalte Als Diensteanbieter sind wir gem\u00e4\u00df \u00a7<\/p><\/div>\n<div class=\"blog-btn\"><a href=\"https:\/\/sg-overberge.de\/wordpress\/?page_id=251\" class=\"home-blog-btn\">Weiterlesen<\/a><\/p>\n","protected":false},"author":2,"featured_media":0,"parent":0,"menu_order":0,"comment_status":"closed","ping_status":"closed","template":"","meta":{"footnotes":""},"class_list":["post-251","page","type-page","status-publish","hentry"],"_links":{"self":[{"href":"https:\/\/sg-overberge.de\/wordpress\/index.php?rest_route=\/wp\/v2\/pages\/251","targetHints":{"allow":["GET"]}}],"collection":[{"href":"https:\/\/sg-overberge.de\/wordpress\/index.php?rest_route=\/wp\/v2\/pages"}],"about":[{"href":"https:\/\/sg-overberge.de\/wordpress\/index.php?rest_route=\/wp\/v2\/types\/page"}],"author":[{"embeddable":true,"href":"https:\/\/sg-overberge.de\/wordpress\/index.php?rest_route=\/wp\/v2\/users\/2"}],"replies":[{"embeddable":true,"href":"https:\/\/sg-overberge.de\/wordpress\/index.php?rest_route=%2Fwp%2Fv2%2Fcomments&post=251"}],"version-history":[{"count":9,"href":"https:\/\/sg-overberge.de\/wordpress\/index.php?rest_route=\/wp\/v2\/pages\/251\/revisions"}],"predecessor-version":[{"id":989,"href":"https:\/\/sg-overberge.de\/wordpress\/index.php?rest_route=\/wp\/v2\/pages\/251\/revisions\/989"}],"wp:attachment":[{"href":"https:\/\/sg-overberge.de\/wordpress\/index.php?rest_route=%2Fwp%2Fv2%2Fmedia&parent=251"}],"curies":[{"name":"wp","href":"https:\/\/api.w.org\/{rel}","templated":true}]}}