{"id":229,"date":"2019-05-30T10:00:59","date_gmt":"2019-05-30T08:00:59","guid":{"rendered":"http:\/\/sg-overberge.de\/spielwiese\/?page_id=229"},"modified":"2024-08-24T04:35:45","modified_gmt":"2024-08-24T02:35:45","slug":"training-wo-und-wann","status":"publish","type":"page","link":"https:\/\/sg-overberge.de\/wordpress\/?page_id=229","title":{"rendered":"Training &#8211; wo und wann"},"content":{"rendered":"\n<p class=\"has-very-dark-gray-color has-text-color\"><strong>Unsere sportlichen Aktivit\u00e4ten <\/strong><\/p>\n\n\n\n<p class=\"has-very-dark-gray-color has-text-color\"><strong>Luftgewehr und Luftpistole <\/strong>&#8211; Freihand und Auflage &#8211; <br>RSA = Raumschie\u00dfanlage Sportzentrum Overberge, Hansastra\u00dfe 99 (Sporthalle) <\/p>\n\n\n\n<p class=\"has-very-dark-gray-color has-text-color\"> Dienstags und Freitags: <br> 17.00 \u2013 19.30 Uhr Jugend\/  Erwachsene <\/p>\n\n\n\n<p class=\"has-very-dark-gray-color has-text-color\"> Telefon : 02307 \/ 984774 (Aufsicht) <\/p>\n\n\n\n<p class=\"has-vivid-red-color has-text-color\">\u2022 \u2022  \u2022  \u2022  \u2022  \u2022  \u2022  \u2022  \u2022  \u2022  \u2022  \u2022  \u2022  \u2022  \u2022  \u2022  \u2022  \u2022  \u2022  \u2022  \u2022  \u2022  \u2022  \u2022  \u2022  \u2022  \u2022  \u2022  \u2022 <\/p>\n\n\n\n<p class=\"has-very-dark-gray-color has-text-color\"><strong>Kleinkaliber<\/strong>  \u2013 Gewehr und Pistole <br>RSA = Raumschie\u00dfanlage Sportzentrum Overberge, Hansastra\u00dfe 99 (Sporthalle)<\/p>\n\n\n\n<p class=\"has-very-dark-gray-color has-text-color\">Pistole \u2013 Mittwochs 18.00 &#8211; 20.00 Uhr  <br>Gewehr \u2013 Donnerstags 17.00 &#8211; 19.30 Uhr <br>oder nach Vereinbarung  <\/p>\n\n\n\n<p class=\"has-very-dark-gray-color has-text-color\">Telefon : 02307 \/ 984774 (Aufsicht)<\/p>\n\n\n\n<p class=\"has-vivid-red-color has-text-color\">\n\u2022 \u2022  \u2022  \u2022  \u2022  \u2022  \u2022  \u2022  \u2022  \u2022  \u2022  \u2022  \u2022  \u2022  \u2022  \u2022  \u2022  \u2022  \u2022  \u2022  \u2022  \u2022  \u2022  \u2022  \u2022  \u2022  \u2022  \u2022  \u2022 \n\n<\/p>\n\n\n\n<p class=\"has-very-dark-gray-color has-text-color\"><strong>Zimmerstutzen<\/strong><br>RSA = Raumschie\u00dfanlage Sportzentrum Overberge, Hansastra\u00dfe 99 (Sporthalle) <\/p>\n\n\n\n<p class=\"has-very-dark-gray-color has-text-color\">Freitags:<br>nach Absprache<\/p>\n\n\n\n<p class=\"has-very-dark-gray-color has-text-color\">Telefon : 02307 \/ 984774 (Aufsicht) <\/p>\n","protected":false},"excerpt":{"rendered":"<p>Unsere sportlichen Aktivit\u00e4ten Luftgewehr und Luftpistole &#8211; Freihand und Auflage &#8211; RSA = Raumschie\u00dfanlage Sportzentrum Overberge, Hansastra\u00dfe 99 (Sporthalle) Dienstags und Freitags: 17.00 \u2013 19.30 Uhr Jugend\/ Erwachsene Telefon : 02307 \/ 984774 (Aufsicht) \u2022 \u2022 \u2022 \u2022 \u2022 \u2022 \u2022 \u2022 \u2022 \u2022 \u2022 \u2022 \u2022 \u2022 \u2022 \u2022 \u2022 \u2022 \u2022 \u2022 \u2022<\/p><\/div>\n<div class=\"blog-btn\"><a href=\"https:\/\/sg-overberge.de\/wordpress\/?page_id=229\" class=\"home-blog-btn\">Weiterlesen<\/a><\/p>\n","protected":false},"author":2,"featured_media":0,"parent":0,"menu_order":0,"comment_status":"closed","ping_status":"closed","template":"","meta":{"footnotes":""},"class_list":["post-229","page","type-page","status-publish","hentry"],"_links":{"self":[{"href":"https:\/\/sg-overberge.de\/wordpress\/index.php?rest_route=\/wp\/v2\/pages\/229","targetHints":{"allow":["GET"]}}],"collection":[{"href":"https:\/\/sg-overberge.de\/wordpress\/index.php?rest_route=\/wp\/v2\/pages"}],"about":[{"href":"https:\/\/sg-overberge.de\/wordpress\/index.php?rest_route=\/wp\/v2\/types\/page"}],"author":[{"embeddable":true,"href":"https:\/\/sg-overberge.de\/wordpress\/index.php?rest_route=\/wp\/v2\/users\/2"}],"replies":[{"embeddable":true,"href":"https:\/\/sg-overberge.de\/wordpress\/index.php?rest_route=%2Fwp%2Fv2%2Fcomments&post=229"}],"version-history":[{"count":31,"href":"https:\/\/sg-overberge.de\/wordpress\/index.php?rest_route=\/wp\/v2\/pages\/229\/revisions"}],"predecessor-version":[{"id":988,"href":"https:\/\/sg-overberge.de\/wordpress\/index.php?rest_route=\/wp\/v2\/pages\/229\/revisions\/988"}],"wp:attachment":[{"href":"https:\/\/sg-overberge.de\/wordpress\/index.php?rest_route=%2Fwp%2Fv2%2Fmedia&parent=229"}],"curies":[{"name":"wp","href":"https:\/\/api.w.org\/{rel}","templated":true}]}}