{"id":225,"date":"2019-05-30T09:55:02","date_gmt":"2019-05-30T07:55:02","guid":{"rendered":"http:\/\/sg-overberge.de\/spielwiese\/?page_id=225"},"modified":"2021-10-04T03:05:33","modified_gmt":"2021-10-04T01:05:33","slug":"jugendarbeit","status":"publish","type":"page","link":"https:\/\/sg-overberge.de\/wordpress\/?page_id=225","title":{"rendered":"Jugendarbeit"},"content":{"rendered":"\n<p class=\"has-text-color has-very-dark-gray-color\"><strong>Jugendarbeit<\/strong><\/p>\n\n\n\n<p>Besuchen Sie dienstags und freitags unser Jugendtraining auf dem Schie\u00dfstand der RSA = Raumschie\u00dfanlage Sportzentrum Overberge, Hansastra\u00dfe 99 (Sporthalle)  <\/p>\n\n\n\n<p>Sie erreichen unsere Jugendleiter nach Absprache.<\/p>\n\n\n\n<p>Eltern sind herzlichst eingeladen ihre Kinder zu begleiten.<\/p>\n\n\n\n<p>Sprechen Sie uns gerne an!<br>Telefon : 02307 \/ 984774 (Aufsicht)  <\/p>\n","protected":false},"excerpt":{"rendered":"<p>Jugendarbeit Besuchen Sie dienstags und freitags unser Jugendtraining auf dem Schie\u00dfstand der RSA = Raumschie\u00dfanlage Sportzentrum Overberge, Hansastra\u00dfe 99 (Sporthalle) Sie erreichen unsere Jugendleiter nach Absprache. Eltern sind herzlichst eingeladen ihre Kinder zu begleiten. Sprechen Sie uns gerne an!Telefon : 02307 \/ 984774 (Aufsicht)<\/p>\n","protected":false},"author":2,"featured_media":0,"parent":0,"menu_order":0,"comment_status":"closed","ping_status":"closed","template":"","meta":{"footnotes":""},"class_list":["post-225","page","type-page","status-publish","hentry"],"_links":{"self":[{"href":"https:\/\/sg-overberge.de\/wordpress\/index.php?rest_route=\/wp\/v2\/pages\/225","targetHints":{"allow":["GET"]}}],"collection":[{"href":"https:\/\/sg-overberge.de\/wordpress\/index.php?rest_route=\/wp\/v2\/pages"}],"about":[{"href":"https:\/\/sg-overberge.de\/wordpress\/index.php?rest_route=\/wp\/v2\/types\/page"}],"author":[{"embeddable":true,"href":"https:\/\/sg-overberge.de\/wordpress\/index.php?rest_route=\/wp\/v2\/users\/2"}],"replies":[{"embeddable":true,"href":"https:\/\/sg-overberge.de\/wordpress\/index.php?rest_route=%2Fwp%2Fv2%2Fcomments&post=225"}],"version-history":[{"count":9,"href":"https:\/\/sg-overberge.de\/wordpress\/index.php?rest_route=\/wp\/v2\/pages\/225\/revisions"}],"predecessor-version":[{"id":939,"href":"https:\/\/sg-overberge.de\/wordpress\/index.php?rest_route=\/wp\/v2\/pages\/225\/revisions\/939"}],"wp:attachment":[{"href":"https:\/\/sg-overberge.de\/wordpress\/index.php?rest_route=%2Fwp%2Fv2%2Fmedia&parent=225"}],"curies":[{"name":"wp","href":"https:\/\/api.w.org\/{rel}","templated":true}]}}