{"id":163,"date":"2019-05-30T06:57:08","date_gmt":"2019-05-30T04:57:08","guid":{"rendered":"http:\/\/sg-overberge.de\/spielwiese\/?page_id=163"},"modified":"2019-10-06T11:31:50","modified_gmt":"2019-10-06T09:31:50","slug":"rundenwettkaempfe","status":"publish","type":"page","link":"https:\/\/sg-overberge.de\/wordpress\/?page_id=163","title":{"rendered":"Rundenwettk\u00e4mpfe"},"content":{"rendered":"\n<p class=\"has-text-color has-very-dark-gray-color\"><strong>Rundenwettk\u00e4mpfe<\/strong><\/p>\n\n\n\n<p>Der Sch\u00fctzenkreis Unna-Kamen veranstaltet jedes Jahr Rundenwettk\u00e4mpfe, bei denen sich die Sch\u00fctzen aller Vereine des Sch\u00fctzenkreises messen k\u00f6nnen. <\/p>\n\n\n\n<p>Nach sechs Wettk\u00e4mpfen, die z. Z. in drei Vereinen mit entsprechenden Standkapazit\u00e4ten ausgetragen werden, stehen Mannschaften und Einzelsch\u00fctzen der Kreisklassen 1 und 2 als Sieger und Platzierte fest. <\/p>\n\n\n\n<p>Im abschlie\u00dfenden Finale treten die besten 16 Einzelsch\u00fctzen beider Kreisklassen gegeneinander an und ermitteln die drei besten Sch\u00fctzen des Kreises.<\/p>\n","protected":false},"excerpt":{"rendered":"<p>Rundenwettk\u00e4mpfe Der Sch\u00fctzenkreis Unna-Kamen veranstaltet jedes Jahr Rundenwettk\u00e4mpfe, bei denen sich die Sch\u00fctzen aller Vereine des Sch\u00fctzenkreises messen k\u00f6nnen. Nach sechs Wettk\u00e4mpfen, die z. Z. in drei Vereinen mit entsprechenden Standkapazit\u00e4ten ausgetragen werden, stehen Mannschaften und Einzelsch\u00fctzen der Kreisklassen 1 und 2 als Sieger und Platzierte fest. Im abschlie\u00dfenden Finale treten die besten 16 Einzelsch\u00fctzen<\/p><\/div>\n<div class=\"blog-btn\"><a href=\"https:\/\/sg-overberge.de\/wordpress\/?page_id=163\" class=\"home-blog-btn\">Weiterlesen<\/a><\/p>\n","protected":false},"author":2,"featured_media":0,"parent":0,"menu_order":0,"comment_status":"closed","ping_status":"closed","template":"","meta":{"footnotes":""},"class_list":["post-163","page","type-page","status-publish","hentry"],"_links":{"self":[{"href":"https:\/\/sg-overberge.de\/wordpress\/index.php?rest_route=\/wp\/v2\/pages\/163","targetHints":{"allow":["GET"]}}],"collection":[{"href":"https:\/\/sg-overberge.de\/wordpress\/index.php?rest_route=\/wp\/v2\/pages"}],"about":[{"href":"https:\/\/sg-overberge.de\/wordpress\/index.php?rest_route=\/wp\/v2\/types\/page"}],"author":[{"embeddable":true,"href":"https:\/\/sg-overberge.de\/wordpress\/index.php?rest_route=\/wp\/v2\/users\/2"}],"replies":[{"embeddable":true,"href":"https:\/\/sg-overberge.de\/wordpress\/index.php?rest_route=%2Fwp%2Fv2%2Fcomments&post=163"}],"version-history":[{"count":5,"href":"https:\/\/sg-overberge.de\/wordpress\/index.php?rest_route=\/wp\/v2\/pages\/163\/revisions"}],"predecessor-version":[{"id":677,"href":"https:\/\/sg-overberge.de\/wordpress\/index.php?rest_route=\/wp\/v2\/pages\/163\/revisions\/677"}],"wp:attachment":[{"href":"https:\/\/sg-overberge.de\/wordpress\/index.php?rest_route=%2Fwp%2Fv2%2Fmedia&parent=163"}],"curies":[{"name":"wp","href":"https:\/\/api.w.org\/{rel}","templated":true}]}}