{"id":161,"date":"2019-05-30T06:56:50","date_gmt":"2019-05-30T04:56:50","guid":{"rendered":"http:\/\/sg-overberge.de\/spielwiese\/?page_id=161"},"modified":"2019-10-05T06:17:56","modified_gmt":"2019-10-05T04:17:56","slug":"pokalschiessen","status":"publish","type":"page","link":"https:\/\/sg-overberge.de\/wordpress\/?page_id=161","title":{"rendered":"Pokalschie\u00dfen"},"content":{"rendered":"\n<p class=\"has-text-color has-very-dark-gray-color\"><strong>Pokalschie\u00dfen<\/strong><\/p>\n\n\n\n<p>Es gibt viele M\u00f6glichkeiten, unter Wettbewerbsbedingungen zu trainieren. Eine gute M\u00f6glichkeit bieten die verschiedenen Pokalschie\u00dfen befreundeter Vereine in der Umgebung. Dazu werden hier Startm\u00f6glichkeiten angeboten:<\/p>\n\n\n\n<p><a rel=\"noreferrer noopener\" aria-label=\"WSB 1861 e.V. \u2013 Startgelegenheiten (\u00f6ffnet in neuem Tab)\" href=\"https:\/\/www.wsb1861.de\/index.php\/startgelegenheiten\" target=\"_blank\">WSB 1861 e.V. \u2013 Startgelegenheiten<\/a><\/p>\n\n\n\n<p>Die Ergebnisse findet Ihr entweder auf den Webseiten der Vereine und\/oder ausgelegt auf den Schie\u00dfst\u00e4nden der SGO.<\/p>\n","protected":false},"excerpt":{"rendered":"<p>Pokalschie\u00dfen Es gibt viele M\u00f6glichkeiten, unter Wettbewerbsbedingungen zu trainieren. Eine gute M\u00f6glichkeit bieten die verschiedenen Pokalschie\u00dfen befreundeter Vereine in der Umgebung. Dazu werden hier Startm\u00f6glichkeiten angeboten: WSB 1861 e.V. \u2013 Startgelegenheiten Die Ergebnisse findet Ihr entweder auf den Webseiten der Vereine und\/oder ausgelegt auf den Schie\u00dfst\u00e4nden der SGO.<\/p>\n","protected":false},"author":2,"featured_media":0,"parent":0,"menu_order":0,"comment_status":"closed","ping_status":"closed","template":"","meta":{"footnotes":""},"class_list":["post-161","page","type-page","status-publish","hentry"],"_links":{"self":[{"href":"https:\/\/sg-overberge.de\/wordpress\/index.php?rest_route=\/wp\/v2\/pages\/161","targetHints":{"allow":["GET"]}}],"collection":[{"href":"https:\/\/sg-overberge.de\/wordpress\/index.php?rest_route=\/wp\/v2\/pages"}],"about":[{"href":"https:\/\/sg-overberge.de\/wordpress\/index.php?rest_route=\/wp\/v2\/types\/page"}],"author":[{"embeddable":true,"href":"https:\/\/sg-overberge.de\/wordpress\/index.php?rest_route=\/wp\/v2\/users\/2"}],"replies":[{"embeddable":true,"href":"https:\/\/sg-overberge.de\/wordpress\/index.php?rest_route=%2Fwp%2Fv2%2Fcomments&post=161"}],"version-history":[{"count":13,"href":"https:\/\/sg-overberge.de\/wordpress\/index.php?rest_route=\/wp\/v2\/pages\/161\/revisions"}],"predecessor-version":[{"id":465,"href":"https:\/\/sg-overberge.de\/wordpress\/index.php?rest_route=\/wp\/v2\/pages\/161\/revisions\/465"}],"wp:attachment":[{"href":"https:\/\/sg-overberge.de\/wordpress\/index.php?rest_route=%2Fwp%2Fv2%2Fmedia&parent=161"}],"curies":[{"name":"wp","href":"https:\/\/api.w.org\/{rel}","templated":true}]}}