{"id":126,"date":"2019-05-30T06:32:55","date_gmt":"2019-05-30T04:32:55","guid":{"rendered":"http:\/\/sg-overberge.de\/spielwiese\/?page_id=126"},"modified":"2026-03-12T10:00:27","modified_gmt":"2026-03-12T09:00:27","slug":"vorstand","status":"publish","type":"page","link":"https:\/\/sg-overberge.de\/wordpress\/?page_id=126","title":{"rendered":"Vorstand"},"content":{"rendered":"\n<p class=\"has-very-dark-gray-color has-text-color\"><strong>Vorstand der  Schie\u00dfgruppe Overberge 1960 e. V.   <\/strong><\/p>\n\n\n\n<p><\/p>\n\n\n\n<table>\n<tbody><tr>\n<td><img decoding=\"async\" class=\"wp-image-127\" style=\"width: 150px;\" src=\"https:\/\/sg-overberge.de\/wordpress\/wp-content\/uploads\/2019\/05\/Heitmann-150x150.jpg\" alt=\"\"><br><strong>Robert Heitmann<\/strong><br>Vorsitzender<\/td>\n<td><img decoding=\"async\" class=\"wp-image-127\" style=\"width: 150px;\" src=\"https:\/\/sg-overberge.de\/wordpress\/wp-content\/uploads\/2024\/08\/wrenger_joerg_150_150.jpg\" alt=\"\"><br><strong>J\u00f6rg Wrenger<\/strong><br>stv. Vorsitzender<\/td>\n<td><img decoding=\"async\" class=\"wp-image-127\" style=\"width: 150px;\" src=\"https:\/\/sg-overberge.de\/wordpress\/wp-content\/uploads\/2024\/08\/platzhalter.jpg\" alt=\"\"><br><strong>Heinz B\u00f6inghoff<\/strong><br>Sportliche Leitung<\/td>\n<\/tr>\n<tr>\n<td><img decoding=\"async\" class=\"wp-image-127\" style=\"width: 150px;\" src=\"https:\/\/sg-overberge.de\/wordpress\/wp-content\/uploads\/2024\/08\/platzhalter.jpg\" alt=\"\"><br><strong>Kerstin Wilmsen<\/strong><br>Kasse<\/td>\n<td><img decoding=\"async\" class=\"wp-image-127\" style=\"width: 150px;\" src=\"https:\/\/sg-overberge.de\/wordpress\/wp-content\/uploads\/2024\/08\/eschricht_ursula_150_150.jpg\" alt=\"\"><br><strong>Ursula Eschricht<\/strong><br>Schriftf\u00fchrer<\/td>\n<td><img decoding=\"async\" class=\"wp-image-127\" style=\"width: 150px;\" src=\"\" alt=\"\"><br><strong><\/strong><br><\/td>\n<\/tr>\n\n<\/tbody><\/table>\n","protected":false},"excerpt":{"rendered":"<p>Vorstand der Schie\u00dfgruppe Overberge 1960 e. V. Robert HeitmannVorsitzender J\u00f6rg Wrengerstv. Vorsitzender Heinz B\u00f6inghoffSportliche Leitung Kerstin WilmsenKasse Ursula EschrichtSchriftf\u00fchrer<\/p>\n","protected":false},"author":1,"featured_media":0,"parent":0,"menu_order":0,"comment_status":"closed","ping_status":"closed","template":"","meta":{"footnotes":""},"class_list":["post-126","page","type-page","status-publish","hentry"],"_links":{"self":[{"href":"https:\/\/sg-overberge.de\/wordpress\/index.php?rest_route=\/wp\/v2\/pages\/126","targetHints":{"allow":["GET"]}}],"collection":[{"href":"https:\/\/sg-overberge.de\/wordpress\/index.php?rest_route=\/wp\/v2\/pages"}],"about":[{"href":"https:\/\/sg-overberge.de\/wordpress\/index.php?rest_route=\/wp\/v2\/types\/page"}],"author":[{"embeddable":true,"href":"https:\/\/sg-overberge.de\/wordpress\/index.php?rest_route=\/wp\/v2\/users\/1"}],"replies":[{"embeddable":true,"href":"https:\/\/sg-overberge.de\/wordpress\/index.php?rest_route=%2Fwp%2Fv2%2Fcomments&post=126"}],"version-history":[{"count":63,"href":"https:\/\/sg-overberge.de\/wordpress\/index.php?rest_route=\/wp\/v2\/pages\/126\/revisions"}],"predecessor-version":[{"id":1018,"href":"https:\/\/sg-overberge.de\/wordpress\/index.php?rest_route=\/wp\/v2\/pages\/126\/revisions\/1018"}],"wp:attachment":[{"href":"https:\/\/sg-overberge.de\/wordpress\/index.php?rest_route=%2Fwp%2Fv2%2Fmedia&parent=126"}],"curies":[{"name":"wp","href":"https:\/\/api.w.org\/{rel}","templated":true}]}}