{"id":12,"date":"2019-05-27T11:24:52","date_gmt":"2019-05-27T09:24:52","guid":{"rendered":"http:\/\/sg-overberge.de\/spielwiese\/?page_id=12"},"modified":"2024-08-14T08:03:45","modified_gmt":"2024-08-14T06:03:45","slug":"sg-overberge","status":"publish","type":"page","link":"https:\/\/sg-overberge.de\/wordpress\/","title":{"rendered":"Home"},"content":{"rendered":"\n<p><\/p>\n\n\n\n<p><strong>Herzlich Willkommen<\/strong> <br>Wir sind ein Sportsch\u00fctzenverein und Mitglied im Deutschen Sch\u00fctzenbund (DSB) und im Landesverband Westf\u00e4lischer Sch\u00fctzenbund 1861 e.V. (WSB).<\/p>\n\n\n\n<p class=\"has-very-dark-gray-color has-text-color\"><div id=\"metaslider-id-646\" style=\"width: 100%;\" class=\"ml-slider-3-104-0 metaslider metaslider-flex metaslider-646 ml-slider has-dots-nav ms-theme-default\" role=\"region\" aria-label=\"New Slideshow\" data-height=\"400\" data-width=\"718\">\n    <div id=\"metaslider_container_646\">\n        <div id=\"metaslider_646\">\n            <ul class='slides'>\n                <li style=\"display: block; width: 100%;\" class=\"slide-758 ms-image \" aria-roledescription=\"slide\" data-date=\"2019-10-08 04:40:47\" data-filename=\"logo_s.png\" data-slide-type=\"image\"><img loading=\"lazy\" decoding=\"async\" src=\"https:\/\/sg-overberge.de\/wordpress\/wp-content\/uploads\/2019\/10\/logo_s.png\" height=\"400\" width=\"718\" alt=\"\" class=\"slider-646 slide-758 msDefaultImage\" title=\"logo_s\" \/><\/li>\n                <li style=\"display: none; width: 100%;\" class=\"slide-690 ms-image \" aria-roledescription=\"slide\" data-date=\"2019-10-06 19:22:40\" data-filename=\"slider4-2.png\" data-slide-type=\"image\"><img loading=\"lazy\" decoding=\"async\" src=\"https:\/\/sg-overberge.de\/wordpress\/wp-content\/uploads\/2019\/10\/slider4-2.png\" height=\"400\" width=\"718\" alt=\"\" class=\"slider-646 slide-690 msDefaultImage\" title=\"slider4\" \/><\/li>\n                <li style=\"display: none; width: 100%;\" class=\"slide-692 ms-image \" aria-roledescription=\"slide\" data-date=\"2019-10-06 19:24:30\" data-filename=\"slider1-2.png\" data-slide-type=\"image\"><img loading=\"lazy\" decoding=\"async\" src=\"https:\/\/sg-overberge.de\/wordpress\/wp-content\/uploads\/2019\/10\/slider1-2.png\" height=\"400\" width=\"718\" alt=\"\" class=\"slider-646 slide-692 msDefaultImage\" title=\"slider1\" \/><\/li>\n                <li style=\"display: none; width: 100%;\" class=\"slide-694 ms-image \" aria-roledescription=\"slide\" data-date=\"2019-10-06 19:28:51\" data-filename=\"slider2-2.png\" data-slide-type=\"image\"><img loading=\"lazy\" decoding=\"async\" src=\"https:\/\/sg-overberge.de\/wordpress\/wp-content\/uploads\/2019\/10\/slider2-2.png\" height=\"400\" width=\"718\" alt=\"\" class=\"slider-646 slide-694 msDefaultImage\" title=\"slider2\" \/><\/li>\n                <li style=\"display: none; width: 100%;\" class=\"slide-696 ms-image \" aria-roledescription=\"slide\" data-date=\"2019-10-06 19:29:00\" data-filename=\"slider3-1.png\" data-slide-type=\"image\"><img loading=\"lazy\" decoding=\"async\" src=\"https:\/\/sg-overberge.de\/wordpress\/wp-content\/uploads\/2019\/10\/slider3-1.png\" height=\"400\" width=\"718\" alt=\"\" class=\"slider-646 slide-696 msDefaultImage\" title=\"slider3\" \/><\/li>\n            <\/ul>\n        <\/div>\n        \n    <\/div>\n<\/div><\/p>\n","protected":false},"excerpt":{"rendered":"<p>Herzlich Willkommen Wir sind ein Sportsch\u00fctzenverein und Mitglied im Deutschen Sch\u00fctzenbund (DSB) und im Landesverband Westf\u00e4lischer Sch\u00fctzenbund 1861 e.V. (WSB).<\/p>\n","protected":false},"author":2,"featured_media":0,"parent":0,"menu_order":0,"comment_status":"closed","ping_status":"closed","template":"","meta":{"footnotes":""},"class_list":["post-12","page","type-page","status-publish","hentry"],"_links":{"self":[{"href":"https:\/\/sg-overberge.de\/wordpress\/index.php?rest_route=\/wp\/v2\/pages\/12","targetHints":{"allow":["GET"]}}],"collection":[{"href":"https:\/\/sg-overberge.de\/wordpress\/index.php?rest_route=\/wp\/v2\/pages"}],"about":[{"href":"https:\/\/sg-overberge.de\/wordpress\/index.php?rest_route=\/wp\/v2\/types\/page"}],"author":[{"embeddable":true,"href":"https:\/\/sg-overberge.de\/wordpress\/index.php?rest_route=\/wp\/v2\/users\/2"}],"replies":[{"embeddable":true,"href":"https:\/\/sg-overberge.de\/wordpress\/index.php?rest_route=%2Fwp%2Fv2%2Fcomments&post=12"}],"version-history":[{"count":93,"href":"https:\/\/sg-overberge.de\/wordpress\/index.php?rest_route=\/wp\/v2\/pages\/12\/revisions"}],"predecessor-version":[{"id":985,"href":"https:\/\/sg-overberge.de\/wordpress\/index.php?rest_route=\/wp\/v2\/pages\/12\/revisions\/985"}],"wp:attachment":[{"href":"https:\/\/sg-overberge.de\/wordpress\/index.php?rest_route=%2Fwp%2Fv2%2Fmedia&parent=12"}],"curies":[{"name":"wp","href":"https:\/\/api.w.org\/{rel}","templated":true}]}}